{"id":1277,"date":"2024-03-12T15:00:02","date_gmt":"2024-03-12T15:00:02","guid":{"rendered":"https:\/\/connectsoft.com.br\/?page_id=1277"},"modified":"2024-05-18T13:43:18","modified_gmt":"2024-05-18T13:43:18","slug":"tabela-de-servicos","status":"publish","type":"page","link":"https:\/\/connectsoft.com.br\/?page_id=1277","title":{"rendered":"Tabela de Servi\u00e7os"},"content":{"rendered":"\t\t<div data-elementor-type=\"wp-page\" data-elementor-id=\"1277\" class=\"elementor elementor-1277\">\n\t\t\t\t\t\t\t\t\t<section class=\"elementor-section elementor-top-section elementor-element elementor-element-6c30e5f elementor-section-height-min-height elementor-section-boxed elementor-section-height-default elementor-section-items-middle wpr-particle-no wpr-jarallax-no wpr-parallax-no wpr-sticky-section-no wpr-column-slider-no wpr-equal-height-no\" data-id=\"6c30e5f\" data-element_type=\"section\" data-settings=\"{&quot;background_background&quot;:&quot;classic&quot;,&quot;shape_divider_bottom&quot;:&quot;tilt&quot;}\">\n\t\t\t\t\t\t\t<div class=\"elementor-background-overlay\"><\/div>\n\t\t\t\t\t\t<div class=\"elementor-shape elementor-shape-bottom\" data-negative=\"false\">\n\t\t\t<svg xmlns=\"http:\/\/www.w3.org\/2000\/svg\" viewBox=\"0 0 1000 100\" preserveAspectRatio=\"none\">\n\t<path class=\"elementor-shape-fill\" d=\"M0,6V0h1000v100L0,6z\"\/>\n<\/svg>\t\t<\/div>\n\t\t\t\t\t<div class=\"elementor-container elementor-column-gap-default\">\n\t\t\t\t\t<div class=\"elementor-column elementor-col-100 elementor-top-column elementor-element elementor-element-7911e74\" data-id=\"7911e74\" data-element_type=\"column\">\n\t\t\t<div class=\"elementor-widget-wrap elementor-element-populated\">\n\t\t\t\t\t\t\t\t<div class=\"elementor-element elementor-element-99750f1 elementor-widget elementor-widget-heading\" data-id=\"99750f1\" data-element_type=\"widget\" data-widget_type=\"heading.default\">\n\t\t\t\t<div class=\"elementor-widget-container\">\n\t\t\t<style>\/*! elementor - v3.18.0 - 20-12-2023 *\/\n.elementor-heading-title{padding:0;margin:0;line-height:1}.elementor-widget-heading .elementor-heading-title[class*=elementor-size-]>a{color:inherit;font-size:inherit;line-height:inherit}.elementor-widget-heading .elementor-heading-title.elementor-size-small{font-size:15px}.elementor-widget-heading .elementor-heading-title.elementor-size-medium{font-size:19px}.elementor-widget-heading .elementor-heading-title.elementor-size-large{font-size:29px}.elementor-widget-heading .elementor-heading-title.elementor-size-xl{font-size:39px}.elementor-widget-heading .elementor-heading-title.elementor-size-xxl{font-size:59px}<\/style><h2 class=\"elementor-heading-title elementor-size-default\">tabela de servi\u00e7os \/ valores<\/h2>\t\t<\/div>\n\t\t\t\t<\/div>\n\t\t\t\t\t<\/div>\n\t\t<\/div>\n\t\t\t\t\t\t\t<\/div>\n\t\t<\/section>\n\t\t\t\t<section class=\"elementor-section elementor-top-section elementor-element elementor-element-96e692f elementor-section-boxed elementor-section-height-default elementor-section-height-default wpr-particle-no wpr-jarallax-no wpr-parallax-no wpr-sticky-section-no wpr-column-slider-no wpr-equal-height-no\" data-id=\"96e692f\" data-element_type=\"section\">\n\t\t\t\t\t\t<div class=\"elementor-container elementor-column-gap-default\">\n\t\t\t\t\t<div class=\"elementor-column elementor-col-100 elementor-top-column elementor-element elementor-element-90f659a\" data-id=\"90f659a\" data-element_type=\"column\">\n\t\t\t<div class=\"elementor-widget-wrap elementor-element-populated\">\n\t\t\t\t\t\t\t\t<div class=\"elementor-element elementor-element-025c2a0 elementor-widget elementor-widget-heading\" data-id=\"025c2a0\" data-element_type=\"widget\" data-widget_type=\"heading.default\">\n\t\t\t\t<div class=\"elementor-widget-container\">\n\t\t\t<h2 class=\"elementor-heading-title elementor-size-default\">confira nossa tabela de pre\u00e7os avulsos<\/h2>\t\t<\/div>\n\t\t\t\t<\/div>\n\t\t\t\t<div class=\"elementor-element elementor-element-1525890 elementor-widget elementor-widget-heading\" data-id=\"1525890\" data-element_type=\"widget\" data-widget_type=\"heading.default\">\n\t\t\t\t<div class=\"elementor-widget-container\">\n\t\t\t<h2 class=\"elementor-heading-title elementor-size-default\">TABELA 2024<\/h2>\t\t<\/div>\n\t\t\t\t<\/div>\n\t\t\t\t<div class=\"elementor-element elementor-element-de54679 elementor-widget elementor-widget-text-editor\" data-id=\"de54679\" data-element_type=\"widget\" data-widget_type=\"text-editor.default\">\n\t\t\t\t<div class=\"elementor-widget-container\">\n\t\t\t<style>\/*! elementor - v3.18.0 - 20-12-2023 *\/\n.elementor-widget-text-editor.elementor-drop-cap-view-stacked .elementor-drop-cap{background-color:#69727d;color:#fff}.elementor-widget-text-editor.elementor-drop-cap-view-framed .elementor-drop-cap{color:#69727d;border:3px solid;background-color:transparent}.elementor-widget-text-editor:not(.elementor-drop-cap-view-default) .elementor-drop-cap{margin-top:8px}.elementor-widget-text-editor:not(.elementor-drop-cap-view-default) .elementor-drop-cap-letter{width:1em;height:1em}.elementor-widget-text-editor .elementor-drop-cap{float:left;text-align:center;line-height:1;font-size:50px}.elementor-widget-text-editor .elementor-drop-cap-letter{display:inline-block}<\/style>\t\t\t\t<p><b>Observa\u00e7\u00f5es importantes<\/b>:<\/p><p>1-Caso a necessidade de re-implanta\u00e7\u00e3o seja originada pela ConnectSoft o servi\u00e7o ser\u00e1 executado <b><i>sem custos<\/i><\/b> por cobertura de contrato de mensalidade.<\/p><p>2-Considera-se Re-Implanta\u00e7\u00e3o o caso de o cliente solicitar a mesma por motivos alheios \u00e0 ConnectSoft, como por exemplo, ter formatado a esta\u00e7\u00e3o, desconfigurado ou desinstalado, sofrido ataque de v\u00edrus, ramsonware e assim por diante.\u00a0 O servi\u00e7o ser\u00e1 cobrado caso isto ocorra <b><i>mais de uma vez durante o m\u00eas<\/i><\/b>.\u00a0<\/p><p>3-Os valores abaixo aplicam-se apenas a clientes com <b><i>contratos mensais ativos<\/i><\/b>;<\/p>\t\t\t\t\t\t<\/div>\n\t\t\t\t<\/div>\n\t\t\t\t\t<\/div>\n\t\t<\/div>\n\t\t\t\t\t\t\t<\/div>\n\t\t<\/section>\n\t\t<div class=\"elementor-element elementor-element-c5a43cc e-flex e-con-boxed wpr-particle-no wpr-jarallax-no wpr-parallax-no wpr-sticky-section-no wpr-column-slider-no wpr-equal-height-no e-con e-parent\" data-id=\"c5a43cc\" data-element_type=\"container\" data-settings=\"{&quot;background_background&quot;:&quot;gradient&quot;,&quot;content_width&quot;:&quot;boxed&quot;}\" data-core-v316-plus=\"true\">\n\t\t\t\t\t<div class=\"e-con-inner\">\n\t\t\t\t<div class=\"elementor-element elementor-element-67e8bd6 wpr-price-list-old-position-before elementor-widget elementor-widget-wpr-price-list\" data-id=\"67e8bd6\" data-element_type=\"widget\" data-widget_type=\"wpr-price-list.default\">\n\t\t\t\t<div class=\"elementor-widget-container\">\n\t\t\t\n\t\t<div class=\"wpr-price-list\">\n\t\t\t\n\t\t\t\n\t\t\t\t<div class=\"wpr-price-list-item elementor-repeater-item-042d9ed elementor-clearfix\">\n\t\t\t\t\t\t\t\n\t\t\t\t\n\t\t\t\t\t<div class=\"wpr-price-list-content\">\n\t\t\t\t\t\t\n\t\t\t\t\t\t<div class=\"wpr-price-list-heading\">\n\t\t\t\t\t\t\t\n\t\t\t\t\t\t\t\t\t\t\t\t\t\t\t\n\t\t\t\t\t\t\t<span class=\"wpr-price-list-title\">Re-Implanta\u00e7\u00e3o de Servidor<\/span>\t\t\t\t\t\t\t\n\t\t\t\t\t\t\t\t\t\t\t\t\t\t\n\t\t\t\t\t\t\t\t\t\t\t\t\t\n\t\t\t\t\t\t\t\t<span class=\"wpr-price-list-separator\"><\/span>\n\t\t\t\t\t\t\t\n\t\t\t\t\t\t\t\t\t\t\t\t\t\t\t<span class=\"wpr-price-list-price-wrap\">\n\t\t\t\t\t\t\t\t\t\t\n\t\t\t\t\t\t\t\t\t<span class=\"wpr-price-list-price\">R$ 130,00<\/span>\n\t\t\t\t\t\t\t\t\t\n\t\t\t\t\t\t\t\t\t\t\t\t\t\t\t\t\t<\/span>\n\t\t\t\t\t\t\t\n\t\t\t\t\t\t<\/div>\n\t\t\t\t\t\t\n\t\t\t\t\t\t\t\t\t\t\t\t\t<div class=\"wpr-price-list-description\">SERVIDOR: Computador que tem a tarefa de executar as tarefas do Sistema Gerenciador de Bancos de Dados e,\nportanto, de armazenar os dados do SISTEMA no BANCO DE DADOS<\/div>\n\t\t\t\t\t\t\t\t\t\t\t<\/div>\n\n\t\t\t\t<\/div>\n\n\t\t\t\t\n\t\t\t\t<div class=\"wpr-price-list-item elementor-repeater-item-3b38a6b elementor-clearfix\">\n\t\t\t\t\t\t\t\n\t\t\t\t\n\t\t\t\t\t<div class=\"wpr-price-list-content\">\n\t\t\t\t\t\t\n\t\t\t\t\t\t<div class=\"wpr-price-list-heading\">\n\t\t\t\t\t\t\t\n\t\t\t\t\t\t\t\t\t\t\t\t\t\t\t\n\t\t\t\t\t\t\t<span class=\"wpr-price-list-title\">Re-Implanta\u00e7\u00e3o de Retaguarda: Esta\u00e7\u00e3o Shopcash<\/span>\t\t\t\t\t\t\t\n\t\t\t\t\t\t\t\t\t\t\t\t\t\t\n\t\t\t\t\t\t\t\t\t\t\t\t\t\n\t\t\t\t\t\t\t\t<span class=\"wpr-price-list-separator\"><\/span>\n\t\t\t\t\t\t\t\n\t\t\t\t\t\t\t\t\t\t\t\t\t\t\t<span class=\"wpr-price-list-price-wrap\">\n\t\t\t\t\t\t\t\t\t\t\n\t\t\t\t\t\t\t\t\t<span class=\"wpr-price-list-price\">R$ 50,00<\/span>\n\t\t\t\t\t\t\t\t\t\n\t\t\t\t\t\t\t\t\t\t\t\t\t\t\t\t\t<\/span>\n\t\t\t\t\t\t\t\n\t\t\t\t\t\t<\/div>\n\t\t\t\t\t\t\n\t\t\t\t\t\t\t\t\t\t\t\t\t<div class=\"wpr-price-list-description\">RETAGUARDA: Parte do SISTEMA que compreende os cadastros, lan\u00e7amentos, relat\u00f3rios, consultas,\nmanuten\u00e7\u00f5es e processamentos de dados necess\u00e1rios ao funcionamento do SISTEMA como um todo. Inclui implanta\u00e7\u00e3o do m\u00f3dulo de FATURAMENTO para emiss\u00e3o de NFe. EXCLUI Caixa. Instala\u00e7\u00e3o de Certificado Digital.<\/div>\n\t\t\t\t\t\t\t\t\t\t\t<\/div>\n\n\t\t\t\t<\/div>\n\n\t\t\t\t\n\t\t\t\t<div class=\"wpr-price-list-item elementor-repeater-item-440ac4a elementor-clearfix\">\n\t\t\t\t\t\t\t\n\t\t\t\t\n\t\t\t\t\t<div class=\"wpr-price-list-content\">\n\t\t\t\t\t\t\n\t\t\t\t\t\t<div class=\"wpr-price-list-heading\">\n\t\t\t\t\t\t\t\n\t\t\t\t\t\t\t\t\t\t\t\t\t\t\t\n\t\t\t\t\t\t\t<span class=\"wpr-price-list-title\">Re-Implanta\u00e7\u00e3o de Retaguarda: Esta\u00e7\u00e3o de Vendas<\/span>\t\t\t\t\t\t\t\n\t\t\t\t\t\t\t\t\t\t\t\t\t\t\n\t\t\t\t\t\t\t\t\t\t\t\t\t\n\t\t\t\t\t\t\t\t<span class=\"wpr-price-list-separator\"><\/span>\n\t\t\t\t\t\t\t\n\t\t\t\t\t\t\t\t\t\t\t\t\t\t\t<span class=\"wpr-price-list-price-wrap\">\n\t\t\t\t\t\t\t\t\t\t\n\t\t\t\t\t\t\t\t\t<span class=\"wpr-price-list-price\">R$ 40,00<\/span>\n\t\t\t\t\t\t\t\t\t\n\t\t\t\t\t\t\t\t\t\t\t\t\t\t\t\t\t<\/span>\n\t\t\t\t\t\t\t\n\t\t\t\t\t\t<\/div>\n\t\t\t\t\t\t\n\t\t\t\t\t\t\t\t\t\t\t\t\t<div class=\"wpr-price-list-description\">Re-Implanta\u00e7\u00e3o de Esta\u00e7\u00e3o: M\u00f3dulo de Pedidos de Venda e\/ou Servi\u00e7os<\/div>\n\t\t\t\t\t\t\t\t\t\t\t<\/div>\n\n\t\t\t\t<\/div>\n\n\t\t\t\t\n\t\t\t\t<div class=\"wpr-price-list-item elementor-repeater-item-564844d elementor-clearfix\">\n\t\t\t\t\t\t\t\n\t\t\t\t\n\t\t\t\t\t<div class=\"wpr-price-list-content\">\n\t\t\t\t\t\t\n\t\t\t\t\t\t<div class=\"wpr-price-list-heading\">\n\t\t\t\t\t\t\t\n\t\t\t\t\t\t\t\t\t\t\t\t\t\t\t\n\t\t\t\t\t\t\t<span class=\"wpr-price-list-title\">Re-Implanta\u00e7\u00e3o de CAIXA<\/span>\t\t\t\t\t\t\t\n\t\t\t\t\t\t\t\t\t\t\t\t\t\t\n\t\t\t\t\t\t\t\t\t\t\t\t\t\n\t\t\t\t\t\t\t\t<span class=\"wpr-price-list-separator\"><\/span>\n\t\t\t\t\t\t\t\n\t\t\t\t\t\t\t\t\t\t\t\t\t\t\t<span class=\"wpr-price-list-price-wrap\">\n\t\t\t\t\t\t\t\t\t\t\n\t\t\t\t\t\t\t\t\t<span class=\"wpr-price-list-price\">R$ 100,00<\/span>\n\t\t\t\t\t\t\t\t\t\n\t\t\t\t\t\t\t\t\t\t\t\t\t\t\t\t\t<\/span>\n\t\t\t\t\t\t\t\n\t\t\t\t\t\t<\/div>\n\t\t\t\t\t\t\n\t\t\t\t\t\t\t\t\t\t\t\t\t<div class=\"wpr-price-list-description\">Todos os aplicativos e arquivos por este utilizados, como as DLL\u2019s (do ingl\u00eas, Dynamic\nLink Library, ou Biblioteca de V\u00ednculo Din\u00e2mico), necess\u00e1rios ao seu funcionamento, impressora e MFE. Instala\u00e7\u00e3o de Certificado Digital<\/div>\n\t\t\t\t\t\t\t\t\t\t\t<\/div>\n\n\t\t\t\t<\/div>\n\n\t\t\t\t\n\t\t\t\t<div class=\"wpr-price-list-item elementor-repeater-item-76ed689 elementor-clearfix\">\n\t\t\t\t\t\t\t\n\t\t\t\t\n\t\t\t\t\t<div class=\"wpr-price-list-content\">\n\t\t\t\t\t\t\n\t\t\t\t\t\t<div class=\"wpr-price-list-heading\">\n\t\t\t\t\t\t\t\n\t\t\t\t\t\t\t\t\t\t\t\t\t\t\t\n\t\t\t\t\t\t\t<span class=\"wpr-price-list-title\">Visita T\u00e9cnica Presencial - Exclusiva - Fortaleza-CE<\/span>\t\t\t\t\t\t\t\n\t\t\t\t\t\t\t\t\t\t\t\t\t\t\n\t\t\t\t\t\t\t\t\t\t\t\t\t\n\t\t\t\t\t\t\t\t<span class=\"wpr-price-list-separator\"><\/span>\n\t\t\t\t\t\t\t\n\t\t\t\t\t\t\t\t\t\t\t\t\t\t\t<span class=\"wpr-price-list-price-wrap\">\n\t\t\t\t\t\t\t\t\t\t\n\t\t\t\t\t\t\t\t\t<span class=\"wpr-price-list-price\">R$ 200,00<\/span>\n\t\t\t\t\t\t\t\t\t\n\t\t\t\t\t\t\t\t\t\t\t\t\t\t\t\t\t<\/span>\n\t\t\t\t\t\t\t\n\t\t\t\t\t\t<\/div>\n\t\t\t\t\t\t\n\t\t\t\t\t\t\t\t\t\t\t\t\t<div class=\"wpr-price-list-description\">Inclui visita PRESENCIAL por no m\u00e1ximo 4h sendo renov\u00e1vel por igual per\u00edodo com adicional de 50%. Nosso t\u00e9cnico fica \u00e0 disposi\u00e7\u00e3o da empresa para treinamentos, an\u00e1lises, orienta\u00e7\u00f5es;<\/div>\n\t\t\t\t\t\t\t\t\t\t\t<\/div>\n\n\t\t\t\t<\/div>\n\n\t\t\t\t\n\t\t\t\t<div class=\"wpr-price-list-item elementor-repeater-item-29355ca elementor-clearfix\">\n\t\t\t\t\t\t\t\n\t\t\t\t\n\t\t\t\t\t<div class=\"wpr-price-list-content\">\n\t\t\t\t\t\t\n\t\t\t\t\t\t<div class=\"wpr-price-list-heading\">\n\t\t\t\t\t\t\t\n\t\t\t\t\t\t\t\t\t\t\t\t\t\t\t\n\t\t\t\t\t\t\t<span class=\"wpr-price-list-title\">Visita T\u00e9cnica Presencial  - Exclusiva -  Fora de Fortaleza-CE<\/span>\t\t\t\t\t\t\t\n\t\t\t\t\t\t\t\t\t\t\t\t\t\t\n\t\t\t\t\t\t\t\t\t\t\t\t\t\n\t\t\t\t\t\t\t\t<span class=\"wpr-price-list-separator\"><\/span>\n\t\t\t\t\t\t\t\n\t\t\t\t\t\t\t\t\t\t\t\t\t\t\t<span class=\"wpr-price-list-price-wrap\">\n\t\t\t\t\t\t\t\t\t\t\n\t\t\t\t\t\t\t\t\t<span class=\"wpr-price-list-price\">R$ 300,00<\/span>\n\t\t\t\t\t\t\t\t\t\n\t\t\t\t\t\t\t\t\t\t\t\t\t\t\t\t\t<\/span>\n\t\t\t\t\t\t\t\n\t\t\t\t\t\t<\/div>\n\t\t\t\t\t\t\n\t\t\t\t\t\t\t\t\t\t\t\t\t<div class=\"wpr-price-list-description\">Inclui visita PRESENCIAL por no m\u00e1ximo 4h sendo renov\u00e1vel por igual per\u00edodo com adicional de 50%. No caso de clientes fora de FORTALEZA-CE a  Alimenta\u00e7\u00e3o, Transporte e Hospedagem correm por conta do cliente. <\/div>\n\t\t\t\t\t\t\t\t\t\t\t<\/div>\n\n\t\t\t\t<\/div>\n\n\t\t\t\t\n\t\t\t\t<div class=\"wpr-price-list-item elementor-repeater-item-6c6d341 elementor-clearfix\">\n\t\t\t\t\t\t\t\n\t\t\t\t\n\t\t\t\t\t<div class=\"wpr-price-list-content\">\n\t\t\t\t\t\t\n\t\t\t\t\t\t<div class=\"wpr-price-list-heading\">\n\t\t\t\t\t\t\t\n\t\t\t\t\t\t\t\t\t\t\t\t\t\t\t\n\t\t\t\t\t\t\t<span class=\"wpr-price-list-title\">Hora de Treinamento ONLINE<\/span>\t\t\t\t\t\t\t\n\t\t\t\t\t\t\t\t\t\t\t\t\t\t\n\t\t\t\t\t\t\t\t\t\t\t\t\t\n\t\t\t\t\t\t\t\t<span class=\"wpr-price-list-separator\"><\/span>\n\t\t\t\t\t\t\t\n\t\t\t\t\t\t\t\t\t\t\t\t\t\t\t<span class=\"wpr-price-list-price-wrap\">\n\t\t\t\t\t\t\t\t\t\t\n\t\t\t\t\t\t\t\t\t<span class=\"wpr-price-list-price\">R$ 55,00<\/span>\n\t\t\t\t\t\t\t\t\t\n\t\t\t\t\t\t\t\t\t\t\t\t\t\t\t\t\t<\/span>\n\t\t\t\t\t\t\t\n\t\t\t\t\t\t<\/div>\n\t\t\t\t\t\t\n\t\t\t\t\t\t\t\t\t\t\t\t\t<div class=\"wpr-price-list-description\">Treinamento conforme agendamento pr\u00e9vio. Sess\u00f5es de no m\u00ednimo 1h e m\u00e1ximo de 2h dia. Podem ser marcadas quantas sess\u00f5es forem necess\u00e1rias a depender da disponibilidade de t\u00e9cnico e agenda.<\/div>\n\t\t\t\t\t\t\t\t\t\t\t<\/div>\n\n\t\t\t\t<\/div>\n\n\t\t\t\t\n\t\t\t\t<div class=\"wpr-price-list-item elementor-repeater-item-7a37437 elementor-clearfix\">\n\t\t\t\t\t\t\t\n\t\t\t\t\n\t\t\t\t\t<div class=\"wpr-price-list-content\">\n\t\t\t\t\t\t\n\t\t\t\t\t\t<div class=\"wpr-price-list-heading\">\n\t\t\t\t\t\t\t\n\t\t\t\t\t\t\t\t\t\t\t\t\t\t\t\n\t\t\t\t\t\t\t<span class=\"wpr-price-list-title\">Re-Instala\u00e7\u00e3o de Certificado Digital<\/span>\t\t\t\t\t\t\t\n\t\t\t\t\t\t\t\t\t\t\t\t\t\t\n\t\t\t\t\t\t\t\t\t\t\t\t\t\n\t\t\t\t\t\t\t\t<span class=\"wpr-price-list-separator\"><\/span>\n\t\t\t\t\t\t\t\n\t\t\t\t\t\t\t\t\t\t\t\t\t\t\t<span class=\"wpr-price-list-price-wrap\">\n\t\t\t\t\t\t\t\t\t\t\n\t\t\t\t\t\t\t\t\t<span class=\"wpr-price-list-price\">R$ 45,00<\/span>\n\t\t\t\t\t\t\t\t\t\n\t\t\t\t\t\t\t\t\t\t\t\t\t\t\t\t\t<\/span>\n\t\t\t\t\t\t\t\n\t\t\t\t\t\t<\/div>\n\t\t\t\t\t\t\n\t\t\t\t\t\t\t\t\t\t\t\t\t<div class=\"wpr-price-list-description\">No caso de re-instala\u00e7\u00e3o de servidor, caixa, retaguarda e faturamento este servi\u00e7o n\u00e3o ser\u00e1 cobrado pois est\u00e1 incluso nos demais servi\u00e7os.<\/div>\n\t\t\t\t\t\t\t\t\t\t\t<\/div>\n\n\t\t\t\t<\/div>\n\n\t\t\t\t\n\t\t\t\t<div class=\"wpr-price-list-item elementor-repeater-item-7104d98 elementor-clearfix\">\n\t\t\t\t\t\t\t\n\t\t\t\t\n\t\t\t\t\t<div class=\"wpr-price-list-content\">\n\t\t\t\t\t\t\n\t\t\t\t\t\t<div class=\"wpr-price-list-heading\">\n\t\t\t\t\t\t\t\n\t\t\t\t\t\t\t\t\t\t\t\t\t\t\t\n\t\t\t\t\t\t\t<span class=\"wpr-price-list-title\">Outros Servi\u00e7os de Natureza T\u00e9cnica Qualquer - Valor da hora T\u00e9cnica<\/span>\t\t\t\t\t\t\t\n\t\t\t\t\t\t\t\t\t\t\t\t\t\t\n\t\t\t\t\t\t\t\t\t\t\t\t\t\n\t\t\t\t\t\t\t\t<span class=\"wpr-price-list-separator\"><\/span>\n\t\t\t\t\t\t\t\n\t\t\t\t\t\t\t\t\t\t\t\t\t\t\t<span class=\"wpr-price-list-price-wrap\">\n\t\t\t\t\t\t\t\t\t\t\n\t\t\t\t\t\t\t\t\t<span class=\"wpr-price-list-price\">R$ 75,00<\/span>\n\t\t\t\t\t\t\t\t\t\n\t\t\t\t\t\t\t\t\t\t\t\t\t\t\t\t\t<\/span>\n\t\t\t\t\t\t\t\n\t\t\t\t\t\t<\/div>\n\t\t\t\t\t\t\n\t\t\t\t\t\t\t\t\t\t\t\t\t<div class=\"wpr-price-list-description\">Pode incluir: Confer\u00eancia e realiza\u00e7\u00e3o de backups, Checagem de v\u00edrus, Configura\u00e7\u00e3o de impressoras ou algum servi\u00e7o acordado entre cliente e ConnectSoft. <\/div>\n\t\t\t\t\t\t\t\t\t\t\t<\/div>\n\n\t\t\t\t<\/div>\n\n\t\t\t\t\n\t\t\t\t<div class=\"wpr-price-list-item elementor-repeater-item-55a1657 elementor-clearfix\">\n\t\t\t\t\t\t\t\n\t\t\t\t\n\t\t\t\t\t<div class=\"wpr-price-list-content\">\n\t\t\t\t\t\t\n\t\t\t\t\t\t<div class=\"wpr-price-list-heading\">\n\t\t\t\t\t\t\t\n\t\t\t\t\t\t\t\t\t\t\t\t\t\t\t\n\t\t\t\t\t\t\t<span class=\"wpr-price-list-title\">Servi\u00e7os que envolvam profissionais das \u00e1reas de: An\u00e1lise de sistemas, Desenvolvimento e DBA <\/span>\t\t\t\t\t\t\t\n\t\t\t\t\t\t\t\t\t\t\t\t\t\t\n\t\t\t\t\t\t\t\t\t\t\t\t\t\n\t\t\t\t\t\t\t\t<span class=\"wpr-price-list-separator\"><\/span>\n\t\t\t\t\t\t\t\n\t\t\t\t\t\t\t\t\t\t\t\t\t\t\t<span class=\"wpr-price-list-price-wrap\">\n\t\t\t\t\t\t\t\t\t\t\n\t\t\t\t\t\t\t\t\t<span class=\"wpr-price-list-price\">Conforme Or\u00e7amento<\/span>\n\t\t\t\t\t\t\t\t\t\n\t\t\t\t\t\t\t\t\t\t\t\t\t\t\t\t\t<\/span>\n\t\t\t\t\t\t\t\n\t\t\t\t\t\t<\/div>\n\t\t\t\t\t\t\n\t\t\t\t\t\t\t\t\t\t\t\t\t<div class=\"wpr-price-list-description\">Os servi\u00e7os dessa natureza podem ser necess\u00e1rios em virtude de v\u00e1rios fatores: integra\u00e7\u00e3o dos nossos produtos com outros (via API, Views de banco dados etc) e portanto dever\u00e1 ser solicitado or\u00e7amento pois dependem da quantidade de horas que o servi\u00e7o vai demandar e do(s) profissional(is) envolvido(s).<\/div>\n\t\t\t\t\t\t\t\t\t\t\t<\/div>\n\n\t\t\t\t<\/div>\n\n\t\t\t\t\t\t<\/div>\n\t\t\t\t<\/div>\n\t\t\t\t<\/div>\n\t\t\t\t\t<\/div>\n\t\t\t\t<\/div>\n\t\t\t\t\t\t\t<\/div>\n\t\t","protected":false},"excerpt":{"rendered":"<p>tabela de servi\u00e7os \/ valores confira nossa tabela de pre\u00e7os avulsos TABELA 2024 Observa\u00e7\u00f5es importantes: 1-Caso a necessidade de re-implanta\u00e7\u00e3o seja originada pela ConnectSoft o servi\u00e7o ser\u00e1 executado sem custos por cobertura de contrato de mensalidade. 2-Considera-se Re-Implanta\u00e7\u00e3o o caso de o cliente solicitar a mesma por motivos alheios \u00e0 ConnectSoft, como por exemplo, ter formatado a esta\u00e7\u00e3o, desconfigurado ou desinstalado, sofrido ataque de v\u00edrus, ramsonware e assim por diante.\u00a0 O servi\u00e7o ser\u00e1 cobrado caso isto ocorra mais de uma vez durante o m\u00eas.\u00a0 3-Os valores abaixo aplicam-se apenas a clientes com contratos mensais ativos; Re-Implanta\u00e7\u00e3o de Servidor R$ 130,00 SERVIDOR: Computador que tem a tarefa de executar as tarefas do Sistema Gerenciador de Bancos de Dados e, portanto, de armazenar os dados do SISTEMA no BANCO DE DADOS Re-Implanta\u00e7\u00e3o de Retaguarda: Esta\u00e7\u00e3o Shopcash R$ 50,00 RETAGUARDA: Parte do SISTEMA que compreende os cadastros, lan\u00e7amentos, relat\u00f3rios, consultas, manuten\u00e7\u00f5es e processamentos de dados necess\u00e1rios ao funcionamento do SISTEMA como um todo. Inclui implanta\u00e7\u00e3o do m\u00f3dulo de FATURAMENTO para emiss\u00e3o de NFe. EXCLUI Caixa. Instala\u00e7\u00e3o de Certificado Digital. Re-Implanta\u00e7\u00e3o de Retaguarda: Esta\u00e7\u00e3o de Vendas R$ 40,00 Re-Implanta\u00e7\u00e3o de Esta\u00e7\u00e3o: M\u00f3dulo de Pedidos de Venda e\/ou Servi\u00e7os Re-Implanta\u00e7\u00e3o de CAIXA R$ 100,00 Todos os aplicativos e arquivos por este utilizados, como as DLL\u2019s (do ingl\u00eas, Dynamic Link Library, ou Biblioteca de V\u00ednculo Din\u00e2mico), necess\u00e1rios ao seu funcionamento, impressora e MFE. Instala\u00e7\u00e3o de Certificado Digital Visita T\u00e9cnica Presencial &#8211; Exclusiva &#8211; Fortaleza-CE R$ 200,00 Inclui visita PRESENCIAL por no m\u00e1ximo 4h sendo renov\u00e1vel por igual per\u00edodo com adicional de 50%. Nosso t\u00e9cnico fica \u00e0 disposi\u00e7\u00e3o da empresa para treinamentos, an\u00e1lises, orienta\u00e7\u00f5es; Visita T\u00e9cnica Presencial &#8211; Exclusiva &#8211; Fora de Fortaleza-CE R$ 300,00 Inclui visita PRESENCIAL por no m\u00e1ximo 4h sendo renov\u00e1vel por igual per\u00edodo com adicional de 50%. No caso de clientes fora de FORTALEZA-CE a Alimenta\u00e7\u00e3o, Transporte e Hospedagem correm por conta do cliente. Hora de Treinamento ONLINE R$ 55,00 Treinamento conforme agendamento pr\u00e9vio. Sess\u00f5es de no m\u00ednimo 1h e m\u00e1ximo de 2h dia. Podem ser marcadas quantas sess\u00f5es forem necess\u00e1rias a depender da disponibilidade de t\u00e9cnico e agenda. Re-Instala\u00e7\u00e3o de Certificado Digital R$ 45,00 No caso de re-instala\u00e7\u00e3o de servidor, caixa, retaguarda e faturamento este servi\u00e7o n\u00e3o ser\u00e1 cobrado pois est\u00e1 incluso nos demais servi\u00e7os. Outros Servi\u00e7os de Natureza T\u00e9cnica Qualquer &#8211; Valor da hora T\u00e9cnica R$ 75,00 Pode incluir: Confer\u00eancia e realiza\u00e7\u00e3o de backups, Checagem de v\u00edrus, Configura\u00e7\u00e3o de impressoras ou algum servi\u00e7o acordado entre cliente e ConnectSoft. Servi\u00e7os que envolvam profissionais das \u00e1reas de: An\u00e1lise de sistemas, Desenvolvimento e DBA Conforme Or\u00e7amento Os servi\u00e7os dessa natureza podem ser necess\u00e1rios em virtude de v\u00e1rios fatores: integra\u00e7\u00e3o dos nossos produtos com outros (via API, Views de banco dados etc) e portanto dever\u00e1 ser solicitado or\u00e7amento pois dependem da quantidade de horas que o servi\u00e7o vai demandar e do(s) profissional(is) envolvido(s).<\/p>\n","protected":false},"author":1,"featured_media":0,"parent":0,"menu_order":0,"comment_status":"closed","ping_status":"closed","template":"elementor_canvas","meta":{"footnotes":""},"class_list":["post-1277","page","type-page","status-publish","hentry"],"_links":{"self":[{"href":"https:\/\/connectsoft.com.br\/index.php?rest_route=\/wp\/v2\/pages\/1277","targetHints":{"allow":["GET"]}}],"collection":[{"href":"https:\/\/connectsoft.com.br\/index.php?rest_route=\/wp\/v2\/pages"}],"about":[{"href":"https:\/\/connectsoft.com.br\/index.php?rest_route=\/wp\/v2\/types\/page"}],"author":[{"embeddable":true,"href":"https:\/\/connectsoft.com.br\/index.php?rest_route=\/wp\/v2\/users\/1"}],"replies":[{"embeddable":true,"href":"https:\/\/connectsoft.com.br\/index.php?rest_route=%2Fwp%2Fv2%2Fcomments&post=1277"}],"version-history":[{"count":19,"href":"https:\/\/connectsoft.com.br\/index.php?rest_route=\/wp\/v2\/pages\/1277\/revisions"}],"predecessor-version":[{"id":1376,"href":"https:\/\/connectsoft.com.br\/index.php?rest_route=\/wp\/v2\/pages\/1277\/revisions\/1376"}],"wp:attachment":[{"href":"https:\/\/connectsoft.com.br\/index.php?rest_route=%2Fwp%2Fv2%2Fmedia&parent=1277"}],"curies":[{"name":"wp","href":"https:\/\/api.w.org\/{rel}","templated":true}]}}